{"id":79,"date":"2019-06-05T12:55:47","date_gmt":"2019-06-05T10:55:47","guid":{"rendered":"https:\/\/eksjoindustri.se\/?page_id=79"},"modified":"2023-11-20T10:36:38","modified_gmt":"2023-11-20T09:36:38","slug":"lediga-jobb","status":"publish","type":"page","link":"https:\/\/eksjoindustri.se\/en\/lediga-jobb\/","title":{"rendered":"Lediga Jobb"},"content":{"rendered":"\n<h2 class=\"wp-block-heading\">Allm\u00e4nna ans\u00f6kningar<\/h2>\n\n\n\n<p>\u00c4r du intresserad av att bli en av oss och har kvalifikationer och erfarenhet f\u00f6r ett arbete<br>hos oss p\u00e5 Eksj\u00f6 Industri \u00e4r du alltid v\u00e4lkommen att kontakta oss.<\/p>\n\n\n\n<p>V\u00e4lkommen med din ans\u00f6kan.<\/p>\n\n\n\n<p><a href=\"mailto:jobbahososs@eksjohus.se\">jobbahososs@eksjohus.se.<\/a><\/p>\n","protected":false},"excerpt":{"rendered":"<p>Allm\u00e4nna ans\u00f6kningar \u00c4r du intresserad av att bli en av oss och har kvalifikationer och erfarenhet f\u00f6r ett arbetehos oss p\u00e5 Eksj\u00f6 Industri \u00e4r du alltid v\u00e4lkommen att kontakta oss. V\u00e4lkommen med din ans\u00f6kan. jobbahososs@eksjohus.se.<\/p>\n","protected":false},"author":1,"featured_media":598,"parent":0,"menu_order":6,"comment_status":"closed","ping_status":"closed","template":"tmpl_subpage.php","meta":{"_acf_changed":false,"footnotes":""},"class_list":["post-79","page","type-page","status-publish","has-post-thumbnail","hentry"],"acf":[],"yoast_head":"<!-- This site is optimized with the Yoast SEO plugin v27.4 - https:\/\/yoast.com\/product\/yoast-seo-wordpress\/ -->\n<title>Lediga Jobb - Eksj\u00f6 Industri AB S\u00e5gverket p\u00e5 sm\u00e5l\u00e4ndska h\u00f6glandet<\/title>\n<meta name=\"robots\" content=\"index, follow, max-snippet:-1, max-image-preview:large, max-video-preview:-1\" \/>\n<link rel=\"canonical\" href=\"https:\/\/eksjoindustri.se\/lediga-jobb\/\" \/>\n<meta property=\"og:locale\" content=\"en_US\" \/>\n<meta property=\"og:type\" content=\"article\" \/>\n<meta property=\"og:title\" content=\"Lediga Jobb - Eksj\u00f6 Industri AB S\u00e5gverket p\u00e5 sm\u00e5l\u00e4ndska h\u00f6glandet\" \/>\n<meta property=\"og:description\" content=\"Allm\u00e4nna ans\u00f6kningar \u00c4r du intresserad av att bli en av oss och har kvalifikationer och erfarenhet f\u00f6r ett arbetehos oss p\u00e5 Eksj\u00f6 Industri \u00e4r du alltid v\u00e4lkommen att kontakta oss. V\u00e4lkommen med din ans\u00f6kan. jobbahososs@eksjohus.se.\" \/>\n<meta property=\"og:url\" content=\"https:\/\/eksjoindustri.se\/lediga-jobb\/\" \/>\n<meta property=\"og:site_name\" content=\"Eksj\u00f6 Industri AB\" \/>\n<meta property=\"article:modified_time\" content=\"2023-11-20T09:36:38+00:00\" \/>\n<meta property=\"og:image\" content=\"https:\/\/eksjoindustri.se\/app\/uploads\/2019\/12\/certifkat.jpg\" \/>\n\t<meta property=\"og:image:width\" content=\"1440\" \/>\n\t<meta property=\"og:image:height\" content=\"960\" \/>\n\t<meta property=\"og:image:type\" content=\"image\/jpeg\" \/>\n<meta name=\"twitter:card\" content=\"summary_large_image\" \/>\n<meta name=\"twitter:label1\" content=\"Est. reading time\" \/>\n\t<meta name=\"twitter:data1\" content=\"1 minute\" \/>\n<script type=\"application\/ld+json\" class=\"yoast-schema-graph\">{\"@context\":\"https:\\\/\\\/schema.org\",\"@graph\":[{\"@type\":\"WebPage\",\"@id\":\"https:\\\/\\\/eksjoindustri.se\\\/lediga-jobb\\\/\",\"url\":\"https:\\\/\\\/eksjoindustri.se\\\/lediga-jobb\\\/\",\"name\":\"Lediga Jobb - Eksj\u00f6 Industri AB S\u00e5gverket p\u00e5 sm\u00e5l\u00e4ndska h\u00f6glandet\",\"isPartOf\":{\"@id\":\"https:\\\/\\\/eksjoindustri.se\\\/#website\"},\"primaryImageOfPage\":{\"@id\":\"https:\\\/\\\/eksjoindustri.se\\\/lediga-jobb\\\/#primaryimage\"},\"image\":{\"@id\":\"https:\\\/\\\/eksjoindustri.se\\\/lediga-jobb\\\/#primaryimage\"},\"thumbnailUrl\":\"https:\\\/\\\/eksjoindustri.se\\\/app\\\/uploads\\\/2019\\\/12\\\/certifkat.jpg\",\"datePublished\":\"2019-06-05T10:55:47+00:00\",\"dateModified\":\"2023-11-20T09:36:38+00:00\",\"breadcrumb\":{\"@id\":\"https:\\\/\\\/eksjoindustri.se\\\/lediga-jobb\\\/#breadcrumb\"},\"inLanguage\":\"en-US\",\"potentialAction\":[{\"@type\":\"ReadAction\",\"target\":[\"https:\\\/\\\/eksjoindustri.se\\\/lediga-jobb\\\/\"]}]},{\"@type\":\"ImageObject\",\"inLanguage\":\"en-US\",\"@id\":\"https:\\\/\\\/eksjoindustri.se\\\/lediga-jobb\\\/#primaryimage\",\"url\":\"https:\\\/\\\/eksjoindustri.se\\\/app\\\/uploads\\\/2019\\\/12\\\/certifkat.jpg\",\"contentUrl\":\"https:\\\/\\\/eksjoindustri.se\\\/app\\\/uploads\\\/2019\\\/12\\\/certifkat.jpg\",\"width\":1440,\"height\":960},{\"@type\":\"BreadcrumbList\",\"@id\":\"https:\\\/\\\/eksjoindustri.se\\\/lediga-jobb\\\/#breadcrumb\",\"itemListElement\":[{\"@type\":\"ListItem\",\"position\":1,\"name\":\"Home\",\"item\":\"https:\\\/\\\/eksjoindustri.se\\\/en\\\/\"},{\"@type\":\"ListItem\",\"position\":2,\"name\":\"Lediga Jobb\"}]},{\"@type\":\"WebSite\",\"@id\":\"https:\\\/\\\/eksjoindustri.se\\\/#website\",\"url\":\"https:\\\/\\\/eksjoindustri.se\\\/\",\"name\":\"Eksj\u00f6 Industri AB\",\"description\":\"S\u00e5gverket p\u00e5 sm\u00e5l\u00e4ndska h\u00f6glandet\",\"publisher\":{\"@id\":\"https:\\\/\\\/eksjoindustri.se\\\/#organization\"},\"potentialAction\":[{\"@type\":\"SearchAction\",\"target\":{\"@type\":\"EntryPoint\",\"urlTemplate\":\"https:\\\/\\\/eksjoindustri.se\\\/?s={search_term_string}\"},\"query-input\":{\"@type\":\"PropertyValueSpecification\",\"valueRequired\":true,\"valueName\":\"search_term_string\"}}],\"inLanguage\":\"en-US\"},{\"@type\":\"Organization\",\"@id\":\"https:\\\/\\\/eksjoindustri.se\\\/#organization\",\"name\":\"Eksj\u00f6 industri AB\",\"url\":\"https:\\\/\\\/eksjoindustri.se\\\/\",\"logo\":{\"@type\":\"ImageObject\",\"inLanguage\":\"en-US\",\"@id\":\"https:\\\/\\\/eksjoindustri.se\\\/#\\\/schema\\\/logo\\\/image\\\/\",\"url\":\"https:\\\/\\\/eksjoindustri.se\\\/app\\\/uploads\\\/2019\\\/12\\\/Eksjo_industri_logo_svart.png\",\"contentUrl\":\"https:\\\/\\\/eksjoindustri.se\\\/app\\\/uploads\\\/2019\\\/12\\\/Eksjo_industri_logo_svart.png\",\"width\":300,\"height\":126,\"caption\":\"Eksj\u00f6 industri AB\"},\"image\":{\"@id\":\"https:\\\/\\\/eksjoindustri.se\\\/#\\\/schema\\\/logo\\\/image\\\/\"}}]}<\/script>\n<!-- \/ Yoast SEO plugin. -->","yoast_head_json":{"title":"Lediga Jobb - Eksj\u00f6 Industri AB S\u00e5gverket p\u00e5 sm\u00e5l\u00e4ndska h\u00f6glandet","robots":{"index":"index","follow":"follow","max-snippet":"max-snippet:-1","max-image-preview":"max-image-preview:large","max-video-preview":"max-video-preview:-1"},"canonical":"https:\/\/eksjoindustri.se\/lediga-jobb\/","og_locale":"en_US","og_type":"article","og_title":"Lediga Jobb - Eksj\u00f6 Industri AB S\u00e5gverket p\u00e5 sm\u00e5l\u00e4ndska h\u00f6glandet","og_description":"Allm\u00e4nna ans\u00f6kningar \u00c4r du intresserad av att bli en av oss och har kvalifikationer och erfarenhet f\u00f6r ett arbetehos oss p\u00e5 Eksj\u00f6 Industri \u00e4r du alltid v\u00e4lkommen att kontakta oss. V\u00e4lkommen med din ans\u00f6kan. jobbahososs@eksjohus.se.","og_url":"https:\/\/eksjoindustri.se\/lediga-jobb\/","og_site_name":"Eksj\u00f6 Industri AB","article_modified_time":"2023-11-20T09:36:38+00:00","og_image":[{"width":1440,"height":960,"url":"https:\/\/eksjoindustri.se\/app\/uploads\/2019\/12\/certifkat.jpg","type":"image\/jpeg"}],"twitter_card":"summary_large_image","twitter_misc":{"Est. reading time":"1 minute"},"schema":{"@context":"https:\/\/schema.org","@graph":[{"@type":"WebPage","@id":"https:\/\/eksjoindustri.se\/lediga-jobb\/","url":"https:\/\/eksjoindustri.se\/lediga-jobb\/","name":"Lediga Jobb - Eksj\u00f6 Industri AB S\u00e5gverket p\u00e5 sm\u00e5l\u00e4ndska h\u00f6glandet","isPartOf":{"@id":"https:\/\/eksjoindustri.se\/#website"},"primaryImageOfPage":{"@id":"https:\/\/eksjoindustri.se\/lediga-jobb\/#primaryimage"},"image":{"@id":"https:\/\/eksjoindustri.se\/lediga-jobb\/#primaryimage"},"thumbnailUrl":"https:\/\/eksjoindustri.se\/app\/uploads\/2019\/12\/certifkat.jpg","datePublished":"2019-06-05T10:55:47+00:00","dateModified":"2023-11-20T09:36:38+00:00","breadcrumb":{"@id":"https:\/\/eksjoindustri.se\/lediga-jobb\/#breadcrumb"},"inLanguage":"en-US","potentialAction":[{"@type":"ReadAction","target":["https:\/\/eksjoindustri.se\/lediga-jobb\/"]}]},{"@type":"ImageObject","inLanguage":"en-US","@id":"https:\/\/eksjoindustri.se\/lediga-jobb\/#primaryimage","url":"https:\/\/eksjoindustri.se\/app\/uploads\/2019\/12\/certifkat.jpg","contentUrl":"https:\/\/eksjoindustri.se\/app\/uploads\/2019\/12\/certifkat.jpg","width":1440,"height":960},{"@type":"BreadcrumbList","@id":"https:\/\/eksjoindustri.se\/lediga-jobb\/#breadcrumb","itemListElement":[{"@type":"ListItem","position":1,"name":"Home","item":"https:\/\/eksjoindustri.se\/en\/"},{"@type":"ListItem","position":2,"name":"Lediga Jobb"}]},{"@type":"WebSite","@id":"https:\/\/eksjoindustri.se\/#website","url":"https:\/\/eksjoindustri.se\/","name":"Eksj\u00f6 Industri AB","description":"S\u00e5gverket p\u00e5 sm\u00e5l\u00e4ndska h\u00f6glandet","publisher":{"@id":"https:\/\/eksjoindustri.se\/#organization"},"potentialAction":[{"@type":"SearchAction","target":{"@type":"EntryPoint","urlTemplate":"https:\/\/eksjoindustri.se\/?s={search_term_string}"},"query-input":{"@type":"PropertyValueSpecification","valueRequired":true,"valueName":"search_term_string"}}],"inLanguage":"en-US"},{"@type":"Organization","@id":"https:\/\/eksjoindustri.se\/#organization","name":"Eksj\u00f6 industri AB","url":"https:\/\/eksjoindustri.se\/","logo":{"@type":"ImageObject","inLanguage":"en-US","@id":"https:\/\/eksjoindustri.se\/#\/schema\/logo\/image\/","url":"https:\/\/eksjoindustri.se\/app\/uploads\/2019\/12\/Eksjo_industri_logo_svart.png","contentUrl":"https:\/\/eksjoindustri.se\/app\/uploads\/2019\/12\/Eksjo_industri_logo_svart.png","width":300,"height":126,"caption":"Eksj\u00f6 industri AB"},"image":{"@id":"https:\/\/eksjoindustri.se\/#\/schema\/logo\/image\/"}}]}},"_links":{"self":[{"href":"https:\/\/eksjoindustri.se\/en\/wp-json\/wp\/v2\/pages\/79","targetHints":{"allow":["GET"]}}],"collection":[{"href":"https:\/\/eksjoindustri.se\/en\/wp-json\/wp\/v2\/pages"}],"about":[{"href":"https:\/\/eksjoindustri.se\/en\/wp-json\/wp\/v2\/types\/page"}],"author":[{"embeddable":true,"href":"https:\/\/eksjoindustri.se\/en\/wp-json\/wp\/v2\/users\/1"}],"replies":[{"embeddable":true,"href":"https:\/\/eksjoindustri.se\/en\/wp-json\/wp\/v2\/comments?post=79"}],"version-history":[{"count":5,"href":"https:\/\/eksjoindustri.se\/en\/wp-json\/wp\/v2\/pages\/79\/revisions"}],"predecessor-version":[{"id":812,"href":"https:\/\/eksjoindustri.se\/en\/wp-json\/wp\/v2\/pages\/79\/revisions\/812"}],"wp:featuredmedia":[{"embeddable":true,"href":"https:\/\/eksjoindustri.se\/en\/wp-json\/wp\/v2\/media\/598"}],"wp:attachment":[{"href":"https:\/\/eksjoindustri.se\/en\/wp-json\/wp\/v2\/media?parent=79"}],"curies":[{"name":"wp","href":"https:\/\/api.w.org\/{rel}","templated":true}]}}