{"id":706,"date":"2020-05-06T10:51:30","date_gmt":"2020-05-06T08:51:30","guid":{"rendered":"http:\/\/eksjoindustri.se\/?page_id=706"},"modified":"2022-08-18T14:26:09","modified_gmt":"2022-08-18T12:26:09","slug":"integritetspolicy","status":"publish","type":"page","link":"https:\/\/eksjoindustri.se\/en\/om-foretaget\/integritetspolicy\/","title":{"rendered":"Integritetspolicy"},"content":{"rendered":"\n<p>P\u00e5 eksjoindustri.se samlar vi inte in n\u00e5gra personuppgifter. D\u00e4remot anv\u00e4nder vi cookies fr\u00e5n tredje part som du kan l\u00e4sa mer om h\u00e4r nedan. <\/p>\n\n\n\n<h4 class=\"wp-block-heading\">VAD \u00c4R EN COOKIE?<\/h4>\n\n\n\n<p>En cookie \u00e4r en liten textfil som lagras p\u00e5 din dator eller mobila enhet (till exempel smartphone eller tablet) via din webbl\u00e4sare. Cookies anv\u00e4nds p\u00e5 m\u00e5nga webbplatser f\u00f6r att ge en bes\u00f6kare tillg\u00e5ng till olika funktioner. Informationen i cookien \u00e4r m\u00f6jlig att anv\u00e4nda f\u00f6r att f\u00f6lja en anv\u00e4ndares surfande p\u00e5 en specifik webbplats.<\/p>\n\n\n\n<h4 class=\"wp-block-heading\">VAD ANV\u00c4NDER VI COOKIES TILL?<\/h4>\n\n\n\n<p>Vi anv\u00e4nder cookies f\u00f6r att g\u00f6ra anv\u00e4ndarupplevelsen av webbplatsen b\u00e4ttre och f\u00f6r att kunna anpassa webbplatsen efter dina intressen och behov. Vi anv\u00e4nder \u00e4ven cookies f\u00f6r att sammanst\u00e4lla statistik f\u00f6r hur bes\u00f6kare anv\u00e4nder webbplatsen.<\/p>\n\n\n\n<h4 class=\"wp-block-heading\">VILKA TYPER AV COOKIES ANV\u00c4NDER VI?<\/h4>\n\n\n\n<p>Det finns tv\u00e5 typer av cookies. Den ena typen sparar en fil under en l\u00e4ngre tid p\u00e5 din dator. Den typen kallas f\u00f6r \u201dpersistent cookie\u201d. Den anv\u00e4nds till exempel vid funktioner som talar om vad som \u00e4r nytt sedan anv\u00e4ndaren senast bes\u00f6kte den aktuella webbplatsen. En \u201dpersistent cookie\u201d lagras p\u00e5 din enhet en l\u00e4ngre tid eller till dess att du sj\u00e4lv tar bort den. Hur l\u00e4nge cookien lagras p\u00e5 din enhet beror p\u00e5 \u201dlivstiden\u201d f\u00f6r den specifika cookien. Den andra typen av cookies kallas \u201dsession cookies\u201d. Under tiden du \u00e4r inne och surfar p\u00e5 en sida, lagras den h\u00e4r cookien tempor\u00e4rt i din dators minne exempelvis f\u00f6r att h\u00e5lla reda p\u00e5 vilket spr\u00e5k du har valt. Sessionscookies lagras inte under en l\u00e4ngre tid p\u00e5 din dator, utan f\u00f6rsvinner n\u00e4r du st\u00e4nger din webbl\u00e4sare.<\/p>\n\n\n\n<h4 class=\"wp-block-heading\">TREDJEPARTSCOOKIES<\/h4>\n\n\n\n<p>Begreppet tredjepartscookies betyder att cookien kommer fr\u00e5n en tredje part. Det \u00e4r leverant\u00f6rer som kan komma att placera cookies p\u00e5 din enhet f\u00f6r v\u00e5r r\u00e4kning n\u00e4r du bes\u00f6ker webbplatsen. Detta \u00e4r f\u00f6r att g\u00f6ra det m\u00f6jligt f\u00f6r dem att leverera de tj\u00e4nster de tillhandah\u00e5ller.<br>Vi anv\u00e4nder tredjepartscookies f\u00f6r att samla in webbstatistik i analysverktyg som till exempel Google Analytics, som du kan l\u00e4sa mer om h\u00e4r nedanf\u00f6r. Om du inte accepterar att tredjepartscookies anv\u00e4nds kan du i din webbl\u00e4sares s\u00e4kerhetsinst\u00e4llningar st\u00e4lla in s\u00e5 att tredjepartscookies inte accepteras.<\/p>\n\n\n\n<h4 class=\"wp-block-heading\">GOOGLE ANALYTICS<\/h4>\n\n\n\n<p>Statistikverktyget Google analytics placerar en cookie p\u00e5 din dator som samlar in information om hur du surfar p\u00e5 v\u00e5r webbplats. Vi anv\u00e4nder informationen f\u00f6r att se vilket inneh\u00e5ll som \u00e4r popul\u00e4rt samt f\u00f6r att f\u00f6rb\u00e4ttra webbplatsen. Statistikverktygets cookie inneh\u00e5ller ingen information om vem du \u00e4r. Vi kan inte identifiera dig eller din dator. Information som samlas in via Google Analytics lagras av Google p\u00e5 deras servrar.<br>Om du vill veta mer kan du l\u00e4sa Google Sekretess-policy som beskriver hur din information anv\u00e4nds hos Google:&nbsp;<a href=\"https:\/\/policies.google.com\/privacy\/partners\">https:\/\/policies.google.com\/privacy\/partners<\/a>.<\/p>\n\n\n\n<h4 class=\"wp-block-heading\">FRISKRIVNINGSANSVAR<\/h4>\n\n\n\n<p>Eksj\u00f6 Industri garanterar inte riktigheten eller fullst\u00e4ndigheten av information, text, grafik och l\u00e4nkar eller andra funktioner som kan f\u00f6rekomma bland informationen. Eksj\u00f6hus kan n\u00e4rsomhelst, utan underr\u00e4ttelse, g\u00f6ra \u00e4ndringar i inneh\u00e5llet p\u00e5 hemsidan. Eksj\u00f6hus f\u00f6rbinder sig inte att uppdatera information eller material som finns p\u00e5 sidan. Om Eksj\u00f6hus l\u00e4nkar till en tredje parts hemsida \u00e4r denna l\u00e4nkning enbart till f\u00f6r anv\u00e4ndarens bekv\u00e4mlighet och Eksj\u00f6hus har inget ansvar f\u00f6r riktigheten i inneh\u00e5llet p\u00e5 en s\u00e5dan webbsida.<\/p>\n\n\n\n<p>Om du har ytterligare fr\u00e5gor om Eksj\u00f6hus lagring och hantering av information, v\u00e4nligen kontakta oss:<br>Eksj\u00f6 Industri (orgnr 556077-5586)<br>Box 255<br>575 23 Eksj\u00f6<br>0381-383 30<br><a href=\"mailto:info@eksjoindustri.se\">info@eksjoindustri.se<\/a><\/p>\n","protected":false},"excerpt":{"rendered":"<p>P\u00e5 eksjoindustri.se samlar vi inte in n\u00e5gra personuppgifter. D\u00e4remot anv\u00e4nder vi cookies fr\u00e5n tredje part som du kan l\u00e4sa mer om h\u00e4r nedan. VAD \u00c4R EN COOKIE? En cookie \u00e4r en liten textfil som lagras p\u00e5 din dator eller mobila enhet (till exempel smartphone eller tablet) via din webbl\u00e4sare. Cookies anv\u00e4nds p\u00e5 m\u00e5nga webbplatser f\u00f6r [&hellip;]<\/p>\n","protected":false},"author":1,"featured_media":672,"parent":77,"menu_order":2,"comment_status":"closed","ping_status":"closed","template":"","meta":{"_acf_changed":false,"footnotes":""},"class_list":["post-706","page","type-page","status-publish","has-post-thumbnail","hentry"],"acf":[],"yoast_head":"<!-- This site is optimized with the Yoast SEO plugin v27.4 - https:\/\/yoast.com\/product\/yoast-seo-wordpress\/ -->\n<title>Integritetspolicy - Eksj\u00f6 Industri AB<\/title>\n<meta name=\"robots\" content=\"index, follow, max-snippet:-1, max-image-preview:large, max-video-preview:-1\" \/>\n<link rel=\"canonical\" href=\"https:\/\/eksjoindustri.se\/om-foretaget\/integritetspolicy\/\" \/>\n<meta property=\"og:locale\" content=\"en_US\" \/>\n<meta property=\"og:type\" content=\"article\" \/>\n<meta property=\"og:title\" content=\"Integritetspolicy - Eksj\u00f6 Industri AB\" \/>\n<meta property=\"og:description\" content=\"P\u00e5 eksjoindustri.se samlar vi inte in n\u00e5gra personuppgifter. D\u00e4remot anv\u00e4nder vi cookies fr\u00e5n tredje part som du kan l\u00e4sa mer om h\u00e4r nedan. VAD \u00c4R EN COOKIE? En cookie \u00e4r en liten textfil som lagras p\u00e5 din dator eller mobila enhet (till exempel smartphone eller tablet) via din webbl\u00e4sare. Cookies anv\u00e4nds p\u00e5 m\u00e5nga webbplatser f\u00f6r [&hellip;]\" \/>\n<meta property=\"og:url\" content=\"https:\/\/eksjoindustri.se\/om-foretaget\/integritetspolicy\/\" \/>\n<meta property=\"og:site_name\" content=\"Eksj\u00f6 Industri AB\" \/>\n<meta property=\"article:modified_time\" content=\"2022-08-18T12:26:09+00:00\" \/>\n<meta property=\"og:image\" content=\"https:\/\/eksjoindustri.se\/app\/uploads\/2019\/12\/Kontakta-oss.jpg\" \/>\n\t<meta property=\"og:image:width\" content=\"1440\" \/>\n\t<meta property=\"og:image:height\" content=\"245\" \/>\n\t<meta property=\"og:image:type\" content=\"image\/jpeg\" \/>\n<meta name=\"twitter:card\" content=\"summary_large_image\" \/>\n<meta name=\"twitter:label1\" content=\"Est. reading time\" \/>\n\t<meta name=\"twitter:data1\" content=\"3 minutes\" \/>\n<script type=\"application\/ld+json\" class=\"yoast-schema-graph\">{\"@context\":\"https:\\\/\\\/schema.org\",\"@graph\":[{\"@type\":\"WebPage\",\"@id\":\"https:\\\/\\\/eksjoindustri.se\\\/om-foretaget\\\/integritetspolicy\\\/\",\"url\":\"https:\\\/\\\/eksjoindustri.se\\\/om-foretaget\\\/integritetspolicy\\\/\",\"name\":\"Integritetspolicy - Eksj\u00f6 Industri AB\",\"isPartOf\":{\"@id\":\"https:\\\/\\\/eksjoindustri.se\\\/#website\"},\"primaryImageOfPage\":{\"@id\":\"https:\\\/\\\/eksjoindustri.se\\\/om-foretaget\\\/integritetspolicy\\\/#primaryimage\"},\"image\":{\"@id\":\"https:\\\/\\\/eksjoindustri.se\\\/om-foretaget\\\/integritetspolicy\\\/#primaryimage\"},\"thumbnailUrl\":\"https:\\\/\\\/eksjoindustri.se\\\/app\\\/uploads\\\/2019\\\/12\\\/Kontakta-oss.jpg\",\"datePublished\":\"2020-05-06T08:51:30+00:00\",\"dateModified\":\"2022-08-18T12:26:09+00:00\",\"breadcrumb\":{\"@id\":\"https:\\\/\\\/eksjoindustri.se\\\/om-foretaget\\\/integritetspolicy\\\/#breadcrumb\"},\"inLanguage\":\"en-US\",\"potentialAction\":[{\"@type\":\"ReadAction\",\"target\":[\"https:\\\/\\\/eksjoindustri.se\\\/om-foretaget\\\/integritetspolicy\\\/\"]}]},{\"@type\":\"ImageObject\",\"inLanguage\":\"en-US\",\"@id\":\"https:\\\/\\\/eksjoindustri.se\\\/om-foretaget\\\/integritetspolicy\\\/#primaryimage\",\"url\":\"https:\\\/\\\/eksjoindustri.se\\\/app\\\/uploads\\\/2019\\\/12\\\/Kontakta-oss.jpg\",\"contentUrl\":\"https:\\\/\\\/eksjoindustri.se\\\/app\\\/uploads\\\/2019\\\/12\\\/Kontakta-oss.jpg\",\"width\":1440,\"height\":245},{\"@type\":\"BreadcrumbList\",\"@id\":\"https:\\\/\\\/eksjoindustri.se\\\/om-foretaget\\\/integritetspolicy\\\/#breadcrumb\",\"itemListElement\":[{\"@type\":\"ListItem\",\"position\":1,\"name\":\"Home\",\"item\":\"https:\\\/\\\/eksjoindustri.se\\\/en\\\/\"},{\"@type\":\"ListItem\",\"position\":2,\"name\":\"Om Eksj\u00f6 Industri\",\"item\":\"https:\\\/\\\/eksjoindustri.se\\\/om-foretaget\\\/\"},{\"@type\":\"ListItem\",\"position\":3,\"name\":\"Integritetspolicy\"}]},{\"@type\":\"WebSite\",\"@id\":\"https:\\\/\\\/eksjoindustri.se\\\/#website\",\"url\":\"https:\\\/\\\/eksjoindustri.se\\\/\",\"name\":\"Eksj\u00f6 Industri AB\",\"description\":\"S\u00e5gverket p\u00e5 sm\u00e5l\u00e4ndska h\u00f6glandet\",\"publisher\":{\"@id\":\"https:\\\/\\\/eksjoindustri.se\\\/#organization\"},\"potentialAction\":[{\"@type\":\"SearchAction\",\"target\":{\"@type\":\"EntryPoint\",\"urlTemplate\":\"https:\\\/\\\/eksjoindustri.se\\\/?s={search_term_string}\"},\"query-input\":{\"@type\":\"PropertyValueSpecification\",\"valueRequired\":true,\"valueName\":\"search_term_string\"}}],\"inLanguage\":\"en-US\"},{\"@type\":\"Organization\",\"@id\":\"https:\\\/\\\/eksjoindustri.se\\\/#organization\",\"name\":\"Eksj\u00f6 industri AB\",\"url\":\"https:\\\/\\\/eksjoindustri.se\\\/\",\"logo\":{\"@type\":\"ImageObject\",\"inLanguage\":\"en-US\",\"@id\":\"https:\\\/\\\/eksjoindustri.se\\\/#\\\/schema\\\/logo\\\/image\\\/\",\"url\":\"https:\\\/\\\/eksjoindustri.se\\\/app\\\/uploads\\\/2019\\\/12\\\/Eksjo_industri_logo_svart.png\",\"contentUrl\":\"https:\\\/\\\/eksjoindustri.se\\\/app\\\/uploads\\\/2019\\\/12\\\/Eksjo_industri_logo_svart.png\",\"width\":300,\"height\":126,\"caption\":\"Eksj\u00f6 industri AB\"},\"image\":{\"@id\":\"https:\\\/\\\/eksjoindustri.se\\\/#\\\/schema\\\/logo\\\/image\\\/\"}}]}<\/script>\n<!-- \/ Yoast SEO plugin. -->","yoast_head_json":{"title":"Integritetspolicy - Eksj\u00f6 Industri AB","robots":{"index":"index","follow":"follow","max-snippet":"max-snippet:-1","max-image-preview":"max-image-preview:large","max-video-preview":"max-video-preview:-1"},"canonical":"https:\/\/eksjoindustri.se\/om-foretaget\/integritetspolicy\/","og_locale":"en_US","og_type":"article","og_title":"Integritetspolicy - Eksj\u00f6 Industri AB","og_description":"P\u00e5 eksjoindustri.se samlar vi inte in n\u00e5gra personuppgifter. D\u00e4remot anv\u00e4nder vi cookies fr\u00e5n tredje part som du kan l\u00e4sa mer om h\u00e4r nedan. VAD \u00c4R EN COOKIE? En cookie \u00e4r en liten textfil som lagras p\u00e5 din dator eller mobila enhet (till exempel smartphone eller tablet) via din webbl\u00e4sare. Cookies anv\u00e4nds p\u00e5 m\u00e5nga webbplatser f\u00f6r [&hellip;]","og_url":"https:\/\/eksjoindustri.se\/om-foretaget\/integritetspolicy\/","og_site_name":"Eksj\u00f6 Industri AB","article_modified_time":"2022-08-18T12:26:09+00:00","og_image":[{"width":1440,"height":245,"url":"https:\/\/eksjoindustri.se\/app\/uploads\/2019\/12\/Kontakta-oss.jpg","type":"image\/jpeg"}],"twitter_card":"summary_large_image","twitter_misc":{"Est. reading time":"3 minutes"},"schema":{"@context":"https:\/\/schema.org","@graph":[{"@type":"WebPage","@id":"https:\/\/eksjoindustri.se\/om-foretaget\/integritetspolicy\/","url":"https:\/\/eksjoindustri.se\/om-foretaget\/integritetspolicy\/","name":"Integritetspolicy - Eksj\u00f6 Industri AB","isPartOf":{"@id":"https:\/\/eksjoindustri.se\/#website"},"primaryImageOfPage":{"@id":"https:\/\/eksjoindustri.se\/om-foretaget\/integritetspolicy\/#primaryimage"},"image":{"@id":"https:\/\/eksjoindustri.se\/om-foretaget\/integritetspolicy\/#primaryimage"},"thumbnailUrl":"https:\/\/eksjoindustri.se\/app\/uploads\/2019\/12\/Kontakta-oss.jpg","datePublished":"2020-05-06T08:51:30+00:00","dateModified":"2022-08-18T12:26:09+00:00","breadcrumb":{"@id":"https:\/\/eksjoindustri.se\/om-foretaget\/integritetspolicy\/#breadcrumb"},"inLanguage":"en-US","potentialAction":[{"@type":"ReadAction","target":["https:\/\/eksjoindustri.se\/om-foretaget\/integritetspolicy\/"]}]},{"@type":"ImageObject","inLanguage":"en-US","@id":"https:\/\/eksjoindustri.se\/om-foretaget\/integritetspolicy\/#primaryimage","url":"https:\/\/eksjoindustri.se\/app\/uploads\/2019\/12\/Kontakta-oss.jpg","contentUrl":"https:\/\/eksjoindustri.se\/app\/uploads\/2019\/12\/Kontakta-oss.jpg","width":1440,"height":245},{"@type":"BreadcrumbList","@id":"https:\/\/eksjoindustri.se\/om-foretaget\/integritetspolicy\/#breadcrumb","itemListElement":[{"@type":"ListItem","position":1,"name":"Home","item":"https:\/\/eksjoindustri.se\/en\/"},{"@type":"ListItem","position":2,"name":"Om Eksj\u00f6 Industri","item":"https:\/\/eksjoindustri.se\/om-foretaget\/"},{"@type":"ListItem","position":3,"name":"Integritetspolicy"}]},{"@type":"WebSite","@id":"https:\/\/eksjoindustri.se\/#website","url":"https:\/\/eksjoindustri.se\/","name":"Eksj\u00f6 Industri AB","description":"S\u00e5gverket p\u00e5 sm\u00e5l\u00e4ndska h\u00f6glandet","publisher":{"@id":"https:\/\/eksjoindustri.se\/#organization"},"potentialAction":[{"@type":"SearchAction","target":{"@type":"EntryPoint","urlTemplate":"https:\/\/eksjoindustri.se\/?s={search_term_string}"},"query-input":{"@type":"PropertyValueSpecification","valueRequired":true,"valueName":"search_term_string"}}],"inLanguage":"en-US"},{"@type":"Organization","@id":"https:\/\/eksjoindustri.se\/#organization","name":"Eksj\u00f6 industri AB","url":"https:\/\/eksjoindustri.se\/","logo":{"@type":"ImageObject","inLanguage":"en-US","@id":"https:\/\/eksjoindustri.se\/#\/schema\/logo\/image\/","url":"https:\/\/eksjoindustri.se\/app\/uploads\/2019\/12\/Eksjo_industri_logo_svart.png","contentUrl":"https:\/\/eksjoindustri.se\/app\/uploads\/2019\/12\/Eksjo_industri_logo_svart.png","width":300,"height":126,"caption":"Eksj\u00f6 industri AB"},"image":{"@id":"https:\/\/eksjoindustri.se\/#\/schema\/logo\/image\/"}}]}},"_links":{"self":[{"href":"https:\/\/eksjoindustri.se\/en\/wp-json\/wp\/v2\/pages\/706","targetHints":{"allow":["GET"]}}],"collection":[{"href":"https:\/\/eksjoindustri.se\/en\/wp-json\/wp\/v2\/pages"}],"about":[{"href":"https:\/\/eksjoindustri.se\/en\/wp-json\/wp\/v2\/types\/page"}],"author":[{"embeddable":true,"href":"https:\/\/eksjoindustri.se\/en\/wp-json\/wp\/v2\/users\/1"}],"replies":[{"embeddable":true,"href":"https:\/\/eksjoindustri.se\/en\/wp-json\/wp\/v2\/comments?post=706"}],"version-history":[{"count":3,"href":"https:\/\/eksjoindustri.se\/en\/wp-json\/wp\/v2\/pages\/706\/revisions"}],"predecessor-version":[{"id":710,"href":"https:\/\/eksjoindustri.se\/en\/wp-json\/wp\/v2\/pages\/706\/revisions\/710"}],"up":[{"embeddable":true,"href":"https:\/\/eksjoindustri.se\/en\/wp-json\/wp\/v2\/pages\/77"}],"wp:featuredmedia":[{"embeddable":true,"href":"https:\/\/eksjoindustri.se\/en\/wp-json\/wp\/v2\/media\/672"}],"wp:attachment":[{"href":"https:\/\/eksjoindustri.se\/en\/wp-json\/wp\/v2\/media?parent=706"}],"curies":[{"name":"wp","href":"https:\/\/api.w.org\/{rel}","templated":true}]}}