{"id":322,"date":"2019-06-10T16:15:24","date_gmt":"2019-06-10T14:15:24","guid":{"rendered":"https:\/\/eksjoindustri.se\/?page_id=322"},"modified":"2025-08-07T08:10:45","modified_gmt":"2025-08-07T06:10:45","slug":"certifikat-policy","status":"publish","type":"page","link":"https:\/\/eksjoindustri.se\/en\/certifikat-policy\/","title":{"rendered":"Quality assurance for you \u2013 and us"},"content":{"rendered":"\n<p>Quality and environment are two central elements in our operations. Therefore, we are keen to have the right certificates that show we meet the correct requirements regarding our production and our products. This means security for you as a customer, but also for us as suppliers since we get proof that we are focusing on the right things. We call this quality in every step!<br>Here you can find a selection of all our certificates. Do you want to know more about the different certifications we have? Then contact Niklas Bilker at tel. 0381-383 51.<\/p>\n\n\n\n<p>Information about Eksj\u00f6 Industri AB can be found in the <a href=\"https:\/\/pefc.se\/sok-certifierade-foretag\" target=\"_blank\" rel=\"noreferrer noopener\">PEFC database <\/a>or in the <a href=\"https:\/\/connect.fsc.org\/fsc-public-certificate-search\" target=\"_blank\" rel=\"noreferrer noopener\">FSC\u00ae database<\/a>. If you have criticism or comments on our traceability work, you are welcome to contact Ulf Hilld\u00e9n by email <a href=\"mailto:ulf.hillden@eksjoindustri.se\">ulf.hillden@eksjoindustri.se<\/a><\/p>\n\n\n\n<p>Procedures on how complaints against the traceability work are handled can be found at <a href=\"https:\/\/pancert.se\/klagomal\/\" target=\"_blank\" rel=\"noreferrer noopener\">Pancert \u2013 complaints<\/a><\/p>\n","protected":false},"excerpt":{"rendered":"<p>Quality and environment are two central elements in our operations. Therefore, we are keen to have the right certificates that show we meet the correct requirements regarding our production and our products. This means security for you as a customer, but also for us as suppliers since we get proof that we are focusing on [&hellip;]<\/p>\n","protected":false},"author":1,"featured_media":599,"parent":0,"menu_order":5,"comment_status":"closed","ping_status":"closed","template":"tmpl_certifikat.php","meta":{"_acf_changed":false,"footnotes":""},"class_list":["post-322","page","type-page","status-publish","has-post-thumbnail","hentry"],"acf":[],"yoast_head":"<!-- This site is optimized with the Yoast SEO plugin v27.4 - https:\/\/yoast.com\/product\/yoast-seo-wordpress\/ -->\n<title>Quality assurance for you \u2013 and us - Eksj\u00f6 Industri AB<\/title>\n<meta name=\"robots\" content=\"index, follow, max-snippet:-1, max-image-preview:large, max-video-preview:-1\" \/>\n<link rel=\"canonical\" href=\"https:\/\/eksjoindustri.se\/en\/certifikat-policy\/\" \/>\n<meta property=\"og:locale\" content=\"en_US\" \/>\n<meta property=\"og:type\" content=\"article\" \/>\n<meta property=\"og:title\" content=\"Quality assurance for you \u2013 and us - Eksj\u00f6 Industri AB\" \/>\n<meta property=\"og:description\" content=\"Quality and environment are two central elements in our operations. Therefore, we are keen to have the right certificates that show we meet the correct requirements regarding our production and our products. This means security for you as a customer, but also for us as suppliers since we get proof that we are focusing on [&hellip;]\" \/>\n<meta property=\"og:url\" content=\"https:\/\/eksjoindustri.se\/en\/certifikat-policy\/\" \/>\n<meta property=\"og:site_name\" content=\"Eksj\u00f6 Industri AB\" \/>\n<meta property=\"article:modified_time\" content=\"2025-08-07T06:10:45+00:00\" \/>\n<meta property=\"og:image\" content=\"https:\/\/eksjoindustri.se\/app\/uploads\/2019\/12\/certifkat.jpg\" \/>\n\t<meta property=\"og:image:width\" content=\"1440\" \/>\n\t<meta property=\"og:image:height\" content=\"960\" \/>\n\t<meta property=\"og:image:type\" content=\"image\/jpeg\" \/>\n<meta name=\"twitter:card\" content=\"summary_large_image\" \/>\n<meta name=\"twitter:label1\" content=\"Est. reading time\" \/>\n\t<meta name=\"twitter:data1\" content=\"1 minute\" \/>\n<script type=\"application\/ld+json\" class=\"yoast-schema-graph\">{\"@context\":\"https:\\\/\\\/schema.org\",\"@graph\":[{\"@type\":\"WebPage\",\"@id\":\"https:\\\/\\\/eksjoindustri.se\\\/en\\\/certifikat-policy\\\/\",\"url\":\"https:\\\/\\\/eksjoindustri.se\\\/en\\\/certifikat-policy\\\/\",\"name\":\"Quality assurance for you \u2013 and us - Eksj\u00f6 Industri AB\",\"isPartOf\":{\"@id\":\"https:\\\/\\\/eksjoindustri.se\\\/#website\"},\"primaryImageOfPage\":{\"@id\":\"https:\\\/\\\/eksjoindustri.se\\\/en\\\/certifikat-policy\\\/#primaryimage\"},\"image\":{\"@id\":\"https:\\\/\\\/eksjoindustri.se\\\/en\\\/certifikat-policy\\\/#primaryimage\"},\"thumbnailUrl\":\"https:\\\/\\\/eksjoindustri.se\\\/app\\\/uploads\\\/2019\\\/12\\\/certifkat.jpg\",\"datePublished\":\"2019-06-10T14:15:24+00:00\",\"dateModified\":\"2025-08-07T06:10:45+00:00\",\"breadcrumb\":{\"@id\":\"https:\\\/\\\/eksjoindustri.se\\\/en\\\/certifikat-policy\\\/#breadcrumb\"},\"inLanguage\":\"en-US\",\"potentialAction\":[{\"@type\":\"ReadAction\",\"target\":[\"https:\\\/\\\/eksjoindustri.se\\\/en\\\/certifikat-policy\\\/\"]}]},{\"@type\":\"ImageObject\",\"inLanguage\":\"en-US\",\"@id\":\"https:\\\/\\\/eksjoindustri.se\\\/en\\\/certifikat-policy\\\/#primaryimage\",\"url\":\"https:\\\/\\\/eksjoindustri.se\\\/app\\\/uploads\\\/2019\\\/12\\\/certifkat.jpg\",\"contentUrl\":\"https:\\\/\\\/eksjoindustri.se\\\/app\\\/uploads\\\/2019\\\/12\\\/certifkat.jpg\",\"width\":1440,\"height\":960},{\"@type\":\"BreadcrumbList\",\"@id\":\"https:\\\/\\\/eksjoindustri.se\\\/en\\\/certifikat-policy\\\/#breadcrumb\",\"itemListElement\":[{\"@type\":\"ListItem\",\"position\":1,\"name\":\"Home\",\"item\":\"https:\\\/\\\/eksjoindustri.se\\\/en\\\/\"},{\"@type\":\"ListItem\",\"position\":2,\"name\":\"Quality assurance for you \u2013 and us\"}]},{\"@type\":\"WebSite\",\"@id\":\"https:\\\/\\\/eksjoindustri.se\\\/#website\",\"url\":\"https:\\\/\\\/eksjoindustri.se\\\/\",\"name\":\"Eksj\u00f6 Industri AB\",\"description\":\"S\u00e5gverket p\u00e5 sm\u00e5l\u00e4ndska h\u00f6glandet\",\"publisher\":{\"@id\":\"https:\\\/\\\/eksjoindustri.se\\\/#organization\"},\"potentialAction\":[{\"@type\":\"SearchAction\",\"target\":{\"@type\":\"EntryPoint\",\"urlTemplate\":\"https:\\\/\\\/eksjoindustri.se\\\/?s={search_term_string}\"},\"query-input\":{\"@type\":\"PropertyValueSpecification\",\"valueRequired\":true,\"valueName\":\"search_term_string\"}}],\"inLanguage\":\"en-US\"},{\"@type\":\"Organization\",\"@id\":\"https:\\\/\\\/eksjoindustri.se\\\/#organization\",\"name\":\"Eksj\u00f6 industri AB\",\"url\":\"https:\\\/\\\/eksjoindustri.se\\\/\",\"logo\":{\"@type\":\"ImageObject\",\"inLanguage\":\"en-US\",\"@id\":\"https:\\\/\\\/eksjoindustri.se\\\/#\\\/schema\\\/logo\\\/image\\\/\",\"url\":\"https:\\\/\\\/eksjoindustri.se\\\/app\\\/uploads\\\/2019\\\/12\\\/Eksjo_industri_logo_svart.png\",\"contentUrl\":\"https:\\\/\\\/eksjoindustri.se\\\/app\\\/uploads\\\/2019\\\/12\\\/Eksjo_industri_logo_svart.png\",\"width\":300,\"height\":126,\"caption\":\"Eksj\u00f6 industri AB\"},\"image\":{\"@id\":\"https:\\\/\\\/eksjoindustri.se\\\/#\\\/schema\\\/logo\\\/image\\\/\"}}]}<\/script>\n<!-- \/ Yoast SEO plugin. -->","yoast_head_json":{"title":"Quality assurance for you \u2013 and us - Eksj\u00f6 Industri AB","robots":{"index":"index","follow":"follow","max-snippet":"max-snippet:-1","max-image-preview":"max-image-preview:large","max-video-preview":"max-video-preview:-1"},"canonical":"https:\/\/eksjoindustri.se\/en\/certifikat-policy\/","og_locale":"en_US","og_type":"article","og_title":"Quality assurance for you \u2013 and us - Eksj\u00f6 Industri AB","og_description":"Quality and environment are two central elements in our operations. Therefore, we are keen to have the right certificates that show we meet the correct requirements regarding our production and our products. This means security for you as a customer, but also for us as suppliers since we get proof that we are focusing on [&hellip;]","og_url":"https:\/\/eksjoindustri.se\/en\/certifikat-policy\/","og_site_name":"Eksj\u00f6 Industri AB","article_modified_time":"2025-08-07T06:10:45+00:00","og_image":[{"width":1440,"height":960,"url":"https:\/\/eksjoindustri.se\/app\/uploads\/2019\/12\/certifkat.jpg","type":"image\/jpeg"}],"twitter_card":"summary_large_image","twitter_misc":{"Est. reading time":"1 minute"},"schema":{"@context":"https:\/\/schema.org","@graph":[{"@type":"WebPage","@id":"https:\/\/eksjoindustri.se\/en\/certifikat-policy\/","url":"https:\/\/eksjoindustri.se\/en\/certifikat-policy\/","name":"Quality assurance for you \u2013 and us - Eksj\u00f6 Industri AB","isPartOf":{"@id":"https:\/\/eksjoindustri.se\/#website"},"primaryImageOfPage":{"@id":"https:\/\/eksjoindustri.se\/en\/certifikat-policy\/#primaryimage"},"image":{"@id":"https:\/\/eksjoindustri.se\/en\/certifikat-policy\/#primaryimage"},"thumbnailUrl":"https:\/\/eksjoindustri.se\/app\/uploads\/2019\/12\/certifkat.jpg","datePublished":"2019-06-10T14:15:24+00:00","dateModified":"2025-08-07T06:10:45+00:00","breadcrumb":{"@id":"https:\/\/eksjoindustri.se\/en\/certifikat-policy\/#breadcrumb"},"inLanguage":"en-US","potentialAction":[{"@type":"ReadAction","target":["https:\/\/eksjoindustri.se\/en\/certifikat-policy\/"]}]},{"@type":"ImageObject","inLanguage":"en-US","@id":"https:\/\/eksjoindustri.se\/en\/certifikat-policy\/#primaryimage","url":"https:\/\/eksjoindustri.se\/app\/uploads\/2019\/12\/certifkat.jpg","contentUrl":"https:\/\/eksjoindustri.se\/app\/uploads\/2019\/12\/certifkat.jpg","width":1440,"height":960},{"@type":"BreadcrumbList","@id":"https:\/\/eksjoindustri.se\/en\/certifikat-policy\/#breadcrumb","itemListElement":[{"@type":"ListItem","position":1,"name":"Home","item":"https:\/\/eksjoindustri.se\/en\/"},{"@type":"ListItem","position":2,"name":"Quality assurance for you \u2013 and us"}]},{"@type":"WebSite","@id":"https:\/\/eksjoindustri.se\/#website","url":"https:\/\/eksjoindustri.se\/","name":"Eksj\u00f6 Industri AB","description":"S\u00e5gverket p\u00e5 sm\u00e5l\u00e4ndska h\u00f6glandet","publisher":{"@id":"https:\/\/eksjoindustri.se\/#organization"},"potentialAction":[{"@type":"SearchAction","target":{"@type":"EntryPoint","urlTemplate":"https:\/\/eksjoindustri.se\/?s={search_term_string}"},"query-input":{"@type":"PropertyValueSpecification","valueRequired":true,"valueName":"search_term_string"}}],"inLanguage":"en-US"},{"@type":"Organization","@id":"https:\/\/eksjoindustri.se\/#organization","name":"Eksj\u00f6 industri AB","url":"https:\/\/eksjoindustri.se\/","logo":{"@type":"ImageObject","inLanguage":"en-US","@id":"https:\/\/eksjoindustri.se\/#\/schema\/logo\/image\/","url":"https:\/\/eksjoindustri.se\/app\/uploads\/2019\/12\/Eksjo_industri_logo_svart.png","contentUrl":"https:\/\/eksjoindustri.se\/app\/uploads\/2019\/12\/Eksjo_industri_logo_svart.png","width":300,"height":126,"caption":"Eksj\u00f6 industri AB"},"image":{"@id":"https:\/\/eksjoindustri.se\/#\/schema\/logo\/image\/"}}]}},"_links":{"self":[{"href":"https:\/\/eksjoindustri.se\/en\/wp-json\/wp\/v2\/pages\/322","targetHints":{"allow":["GET"]}}],"collection":[{"href":"https:\/\/eksjoindustri.se\/en\/wp-json\/wp\/v2\/pages"}],"about":[{"href":"https:\/\/eksjoindustri.se\/en\/wp-json\/wp\/v2\/types\/page"}],"author":[{"embeddable":true,"href":"https:\/\/eksjoindustri.se\/en\/wp-json\/wp\/v2\/users\/1"}],"replies":[{"embeddable":true,"href":"https:\/\/eksjoindustri.se\/en\/wp-json\/wp\/v2\/comments?post=322"}],"version-history":[{"count":5,"href":"https:\/\/eksjoindustri.se\/en\/wp-json\/wp\/v2\/pages\/322\/revisions"}],"predecessor-version":[{"id":860,"href":"https:\/\/eksjoindustri.se\/en\/wp-json\/wp\/v2\/pages\/322\/revisions\/860"}],"wp:featuredmedia":[{"embeddable":true,"href":"https:\/\/eksjoindustri.se\/en\/wp-json\/wp\/v2\/media\/599"}],"wp:attachment":[{"href":"https:\/\/eksjoindustri.se\/en\/wp-json\/wp\/v2\/media?parent=322"}],"curies":[{"name":"wp","href":"https:\/\/api.w.org\/{rel}","templated":true}]}}