{"id":314,"date":"2019-06-10T16:13:10","date_gmt":"2019-06-10T14:13:10","guid":{"rendered":"https:\/\/eksjoindustri.se\/?page_id=314"},"modified":"2019-06-12T11:14:06","modified_gmt":"2019-06-12T09:14:06","slug":"raw-material","status":"publish","type":"page","link":"https:\/\/eksjoindustri.se\/en\/raw-material\/","title":{"rendered":"Raw material on our doorstep"},"content":{"rendered":"<p>Eksj\u00f6 Industri AB is located in the heart of the densely forested south-Swedish highland area offering an abundance of high-quality raw materials. Most of these are purchased fromprivate forest owners and timber merchants, but also directly from forest corporations. Our suppliers are mainly found within a radius of some50 kmwhich means that transportation distances are relatively short and therefore environmentally acceptable. Our production base consists of some 70 percent spruce and 30 percent pine.<\/p>\n<p>We accept raw materials from forest owners in the form of delivery timber, felling commissions, stumpage purchases and standing forest timber. In all our felling operations, we cooperate with environmentally certified contractors to be able to guarantee the highest level of nature conservation as well as optimum owner yield values. This is further ensured by the high percentage of timber in our felling operations.<\/p>\n<h5>Forestowners requiring forest management conservation measures, planting and clearing, please contact us. We will be very happy to assist you.<\/h5>\n<h4>Environmental certification<\/h4>\n<p>Eksj\u00f6 Industri AB is environmentally certified according to PEFC\u2122 and FSC\u00ae. Our forest operations are in compliance with the Forestry Act and the PEFC\/FSC Forest and Environmental Standard. Our contractors are certified and trained in nature conservation and cultural environment protection measures.<\/p>\n<p>Obtaining forestry certification is a voluntary decision; however, it may be instrumental in increasing proceeds for forest owners. Owners agree to operate according to a forest management plan and to keep at least 5 percent of their forest land for nature conservation purposes. Also, the national, cultural and social interests of these standards must be fulfilled.<\/p>\n<p>\t\t\t\t\t\t\t\t\t\t<img loading=\"lazy\" decoding=\"async\" width=\"610\" height=\"401\" src=\"https:\/\/eksjoindustri.se\/app\/uploads\/2019\/06\/iStock_610x401.jpg\" alt=\"\" srcset=\"https:\/\/eksjoindustri.se\/app\/uploads\/2019\/06\/iStock_610x401.jpg 610w, https:\/\/eksjoindustri.se\/app\/uploads\/2019\/06\/iStock_610x401-300x197.jpg 300w\" sizes=\"auto, (max-width: 610px) 100vw, 610px\" \/>\t\t\t\t\t\t\t\t\t\t\t<\/p>\n<h4>Site navigation<\/h4>\n<h4>Eksjo industri AB<\/h4>\n<p>Box 255<br \/>575 23 Eksj\u00f6<br \/>Kvarnarpsv\u00e4gen 4<br \/>Tel: 0381-383 30<br \/>Fax: 0381-174 14<br \/><a href=\"mailto:info@eksjoindustri.se\">info@eksjoindustri.se<\/a><\/p>\n<p>\t\t\t<a href=\"https:\/\/eksjoindustri.se\/en\/contact-us\/find-us\/\" role=\"button\"><br \/>\n\t\t\t\t\t\tFind us<br \/>\n\t\t\t\t\t<\/a><\/p>\n","protected":false},"excerpt":{"rendered":"<p>Eksj\u00f6 Industri AB is located in the heart of the densely forested south-Swedish highland area offering an abundance of high-quality raw materials. Most of these are purchased fromprivate forest owners and timber merchants, but also directly from forest corporations. Our suppliers are mainly found within a radius of some50 kmwhich means that transportation distances are [&hellip;]<\/p>\n","protected":false},"author":1,"featured_media":0,"parent":0,"menu_order":3,"comment_status":"closed","ping_status":"closed","template":"tmpl_subpage_nosidebar.php","meta":{"_acf_changed":false,"footnotes":""},"class_list":["post-314","page","type-page","status-publish","hentry"],"acf":[],"yoast_head":"<!-- This site is optimized with the Yoast SEO plugin v27.3 - https:\/\/yoast.com\/product\/yoast-seo-wordpress\/ -->\n<title>Raw material on our doorstep - Eksj\u00f6 Industri AB<\/title>\n<meta name=\"robots\" content=\"index, follow, max-snippet:-1, max-image-preview:large, max-video-preview:-1\" \/>\n<link rel=\"canonical\" href=\"https:\/\/eksjoindustri.se\/en\/raw-material\/\" \/>\n<meta property=\"og:locale\" content=\"en_US\" \/>\n<meta property=\"og:type\" content=\"article\" \/>\n<meta property=\"og:title\" content=\"Raw material on our doorstep - Eksj\u00f6 Industri AB\" \/>\n<meta property=\"og:description\" content=\"Eksj\u00f6 Industri AB is located in the heart of the densely forested south-Swedish highland area offering an abundance of high-quality raw materials. Most of these are purchased fromprivate forest owners and timber merchants, but also directly from forest corporations. Our suppliers are mainly found within a radius of some50 kmwhich means that transportation distances are [&hellip;]\" \/>\n<meta property=\"og:url\" content=\"https:\/\/eksjoindustri.se\/en\/raw-material\/\" \/>\n<meta property=\"og:site_name\" content=\"Eksj\u00f6 Industri AB\" \/>\n<meta property=\"article:modified_time\" content=\"2019-06-12T09:14:06+00:00\" \/>\n<meta property=\"og:image\" content=\"https:\/\/eksjoindustri.se\/app\/uploads\/2019\/06\/iStock_610x401.jpg\" \/>\n<meta name=\"twitter:card\" content=\"summary_large_image\" \/>\n<meta name=\"twitter:label1\" content=\"Est. reading time\" \/>\n\t<meta name=\"twitter:data1\" content=\"1 minute\" \/>\n<script type=\"application\/ld+json\" class=\"yoast-schema-graph\">{\"@context\":\"https:\\\/\\\/schema.org\",\"@graph\":[{\"@type\":\"WebPage\",\"@id\":\"https:\\\/\\\/eksjoindustri.se\\\/en\\\/raw-material\\\/\",\"url\":\"https:\\\/\\\/eksjoindustri.se\\\/en\\\/raw-material\\\/\",\"name\":\"Raw material on our doorstep - Eksj\u00f6 Industri AB\",\"isPartOf\":{\"@id\":\"https:\\\/\\\/eksjoindustri.se\\\/#website\"},\"primaryImageOfPage\":{\"@id\":\"https:\\\/\\\/eksjoindustri.se\\\/en\\\/raw-material\\\/#primaryimage\"},\"image\":{\"@id\":\"https:\\\/\\\/eksjoindustri.se\\\/en\\\/raw-material\\\/#primaryimage\"},\"thumbnailUrl\":\"https:\\\/\\\/eksjoindustri.se\\\/app\\\/uploads\\\/2019\\\/06\\\/iStock_610x401.jpg\",\"datePublished\":\"2019-06-10T14:13:10+00:00\",\"dateModified\":\"2019-06-12T09:14:06+00:00\",\"breadcrumb\":{\"@id\":\"https:\\\/\\\/eksjoindustri.se\\\/en\\\/raw-material\\\/#breadcrumb\"},\"inLanguage\":\"en-US\",\"potentialAction\":[{\"@type\":\"ReadAction\",\"target\":[\"https:\\\/\\\/eksjoindustri.se\\\/en\\\/raw-material\\\/\"]}]},{\"@type\":\"ImageObject\",\"inLanguage\":\"en-US\",\"@id\":\"https:\\\/\\\/eksjoindustri.se\\\/en\\\/raw-material\\\/#primaryimage\",\"url\":\"https:\\\/\\\/eksjoindustri.se\\\/app\\\/uploads\\\/2019\\\/06\\\/iStock_610x401.jpg\",\"contentUrl\":\"https:\\\/\\\/eksjoindustri.se\\\/app\\\/uploads\\\/2019\\\/06\\\/iStock_610x401.jpg\"},{\"@type\":\"BreadcrumbList\",\"@id\":\"https:\\\/\\\/eksjoindustri.se\\\/en\\\/raw-material\\\/#breadcrumb\",\"itemListElement\":[{\"@type\":\"ListItem\",\"position\":1,\"name\":\"Home\",\"item\":\"https:\\\/\\\/eksjoindustri.se\\\/en\\\/\"},{\"@type\":\"ListItem\",\"position\":2,\"name\":\"Raw material on our doorstep\"}]},{\"@type\":\"WebSite\",\"@id\":\"https:\\\/\\\/eksjoindustri.se\\\/#website\",\"url\":\"https:\\\/\\\/eksjoindustri.se\\\/\",\"name\":\"Eksj\u00f6 Industri AB\",\"description\":\"S\u00e5gverket p\u00e5 sm\u00e5l\u00e4ndska h\u00f6glandet\",\"publisher\":{\"@id\":\"https:\\\/\\\/eksjoindustri.se\\\/#organization\"},\"potentialAction\":[{\"@type\":\"SearchAction\",\"target\":{\"@type\":\"EntryPoint\",\"urlTemplate\":\"https:\\\/\\\/eksjoindustri.se\\\/?s={search_term_string}\"},\"query-input\":{\"@type\":\"PropertyValueSpecification\",\"valueRequired\":true,\"valueName\":\"search_term_string\"}}],\"inLanguage\":\"en-US\"},{\"@type\":\"Organization\",\"@id\":\"https:\\\/\\\/eksjoindustri.se\\\/#organization\",\"name\":\"Eksj\u00f6 industri AB\",\"url\":\"https:\\\/\\\/eksjoindustri.se\\\/\",\"logo\":{\"@type\":\"ImageObject\",\"inLanguage\":\"en-US\",\"@id\":\"https:\\\/\\\/eksjoindustri.se\\\/#\\\/schema\\\/logo\\\/image\\\/\",\"url\":\"https:\\\/\\\/eksjoindustri.se\\\/app\\\/uploads\\\/2019\\\/12\\\/Eksjo_industri_logo_svart.png\",\"contentUrl\":\"https:\\\/\\\/eksjoindustri.se\\\/app\\\/uploads\\\/2019\\\/12\\\/Eksjo_industri_logo_svart.png\",\"width\":300,\"height\":126,\"caption\":\"Eksj\u00f6 industri AB\"},\"image\":{\"@id\":\"https:\\\/\\\/eksjoindustri.se\\\/#\\\/schema\\\/logo\\\/image\\\/\"}}]}<\/script>\n<!-- \/ Yoast SEO plugin. -->","yoast_head_json":{"title":"Raw material on our doorstep - Eksj\u00f6 Industri AB","robots":{"index":"index","follow":"follow","max-snippet":"max-snippet:-1","max-image-preview":"max-image-preview:large","max-video-preview":"max-video-preview:-1"},"canonical":"https:\/\/eksjoindustri.se\/en\/raw-material\/","og_locale":"en_US","og_type":"article","og_title":"Raw material on our doorstep - Eksj\u00f6 Industri AB","og_description":"Eksj\u00f6 Industri AB is located in the heart of the densely forested south-Swedish highland area offering an abundance of high-quality raw materials. Most of these are purchased fromprivate forest owners and timber merchants, but also directly from forest corporations. Our suppliers are mainly found within a radius of some50 kmwhich means that transportation distances are [&hellip;]","og_url":"https:\/\/eksjoindustri.se\/en\/raw-material\/","og_site_name":"Eksj\u00f6 Industri AB","article_modified_time":"2019-06-12T09:14:06+00:00","og_image":[{"url":"https:\/\/eksjoindustri.se\/app\/uploads\/2019\/06\/iStock_610x401.jpg","type":"","width":"","height":""}],"twitter_card":"summary_large_image","twitter_misc":{"Est. reading time":"1 minute"},"schema":{"@context":"https:\/\/schema.org","@graph":[{"@type":"WebPage","@id":"https:\/\/eksjoindustri.se\/en\/raw-material\/","url":"https:\/\/eksjoindustri.se\/en\/raw-material\/","name":"Raw material on our doorstep - Eksj\u00f6 Industri AB","isPartOf":{"@id":"https:\/\/eksjoindustri.se\/#website"},"primaryImageOfPage":{"@id":"https:\/\/eksjoindustri.se\/en\/raw-material\/#primaryimage"},"image":{"@id":"https:\/\/eksjoindustri.se\/en\/raw-material\/#primaryimage"},"thumbnailUrl":"https:\/\/eksjoindustri.se\/app\/uploads\/2019\/06\/iStock_610x401.jpg","datePublished":"2019-06-10T14:13:10+00:00","dateModified":"2019-06-12T09:14:06+00:00","breadcrumb":{"@id":"https:\/\/eksjoindustri.se\/en\/raw-material\/#breadcrumb"},"inLanguage":"en-US","potentialAction":[{"@type":"ReadAction","target":["https:\/\/eksjoindustri.se\/en\/raw-material\/"]}]},{"@type":"ImageObject","inLanguage":"en-US","@id":"https:\/\/eksjoindustri.se\/en\/raw-material\/#primaryimage","url":"https:\/\/eksjoindustri.se\/app\/uploads\/2019\/06\/iStock_610x401.jpg","contentUrl":"https:\/\/eksjoindustri.se\/app\/uploads\/2019\/06\/iStock_610x401.jpg"},{"@type":"BreadcrumbList","@id":"https:\/\/eksjoindustri.se\/en\/raw-material\/#breadcrumb","itemListElement":[{"@type":"ListItem","position":1,"name":"Home","item":"https:\/\/eksjoindustri.se\/en\/"},{"@type":"ListItem","position":2,"name":"Raw material on our doorstep"}]},{"@type":"WebSite","@id":"https:\/\/eksjoindustri.se\/#website","url":"https:\/\/eksjoindustri.se\/","name":"Eksj\u00f6 Industri AB","description":"S\u00e5gverket p\u00e5 sm\u00e5l\u00e4ndska h\u00f6glandet","publisher":{"@id":"https:\/\/eksjoindustri.se\/#organization"},"potentialAction":[{"@type":"SearchAction","target":{"@type":"EntryPoint","urlTemplate":"https:\/\/eksjoindustri.se\/?s={search_term_string}"},"query-input":{"@type":"PropertyValueSpecification","valueRequired":true,"valueName":"search_term_string"}}],"inLanguage":"en-US"},{"@type":"Organization","@id":"https:\/\/eksjoindustri.se\/#organization","name":"Eksj\u00f6 industri AB","url":"https:\/\/eksjoindustri.se\/","logo":{"@type":"ImageObject","inLanguage":"en-US","@id":"https:\/\/eksjoindustri.se\/#\/schema\/logo\/image\/","url":"https:\/\/eksjoindustri.se\/app\/uploads\/2019\/12\/Eksjo_industri_logo_svart.png","contentUrl":"https:\/\/eksjoindustri.se\/app\/uploads\/2019\/12\/Eksjo_industri_logo_svart.png","width":300,"height":126,"caption":"Eksj\u00f6 industri AB"},"image":{"@id":"https:\/\/eksjoindustri.se\/#\/schema\/logo\/image\/"}}]}},"_links":{"self":[{"href":"https:\/\/eksjoindustri.se\/en\/wp-json\/wp\/v2\/pages\/314","targetHints":{"allow":["GET"]}}],"collection":[{"href":"https:\/\/eksjoindustri.se\/en\/wp-json\/wp\/v2\/pages"}],"about":[{"href":"https:\/\/eksjoindustri.se\/en\/wp-json\/wp\/v2\/types\/page"}],"author":[{"embeddable":true,"href":"https:\/\/eksjoindustri.se\/en\/wp-json\/wp\/v2\/users\/1"}],"replies":[{"embeddable":true,"href":"https:\/\/eksjoindustri.se\/en\/wp-json\/wp\/v2\/comments?post=314"}],"version-history":[{"count":5,"href":"https:\/\/eksjoindustri.se\/en\/wp-json\/wp\/v2\/pages\/314\/revisions"}],"predecessor-version":[{"id":403,"href":"https:\/\/eksjoindustri.se\/en\/wp-json\/wp\/v2\/pages\/314\/revisions\/403"}],"wp:attachment":[{"href":"https:\/\/eksjoindustri.se\/en\/wp-json\/wp\/v2\/media?parent=314"}],"curies":[{"name":"wp","href":"https:\/\/api.w.org\/{rel}","templated":true}]}}