{"id":312,"date":"2019-06-05T12:55:47","date_gmt":"2019-06-05T10:55:47","guid":{"rendered":"https:\/\/eksjoindustri.se\/?page_id=312"},"modified":"2019-06-12T11:02:17","modified_gmt":"2019-06-12T09:02:17","slug":"products","status":"publish","type":"page","link":"https:\/\/eksjoindustri.se\/en\/products\/","title":{"rendered":"Meeting your requirements"},"content":{"rendered":"<h4 style=\"margin-bottom: 0;\">Eksj\u00f6 Industri offers a wide selection of sawn and finished timber, specialising in products for the DIY and building construction industry, as well as other industries requiring high-quality timber. We offer JIT delivery and flexible services to all our customers \u2013 irrespective of order volumes.<\/h4>\n<h4>Sawing<\/h4>\n<p>We operate two saw lines. 2\/3 of our production are spruce and 1\/3 are pine. The sawn boards and planks are sorted in stacks according to dimensions using drying shavings between each or every other layer. The stacks are then left to dry in our kilns which are heated by our on-site biofuel plant or by district heating. After drying, the products are graded in packages of the same qualities and lengths to be marketed and sold as finished products or as products for further processing.<\/p>\n<h4>Planing<\/h4>\n<p>We operate three planing and processing lines, such as fine sawing, sawing to length and end jointing. We also have machines for stress grading\/calibration which means we are able to supply several different qualities of structural timber. One of our planing lines is adapted for very long lengths allowing the planing of finger jointed planks.<\/p>\n<h4>Painting and surface coating<\/h4>\n<p>Our painting department is fully equipped to handle a wide range of requirements, such as the priming of outer boards and panels or applying any specified coatings of acrylic paint. Contact us and we will willingly assist you in finding the right solution for your wood coating requirements.<\/p>\n<h4>Additional processes<\/h4>\n<p>We are also able to offer other types of timber treatment, such as pressure impregnation. Contact us for a discussion of your specific requirements.<\/p>\n<p>\t\t\t<a href=\"https:\/\/eksjoindustri.se\/en\/contact-us\/\" role=\"button\"><br \/>\n\t\t\t\t\t\tContact us<br \/>\n\t\t\t\t\t<\/a><\/p>\n<h4>Site navigation<\/h4>\n<h4>Eksjo industri AB<\/h4>\n<p>Box 255<br \/>575 23 Eksj\u00f6<br \/>Kvarnarpsv\u00e4gen 4<br \/>Tel: 0381-383 30<br \/>Fax: 0381-174 14<br \/><a href=\"mailto:info@eksjoindustri.se\">info@eksjoindustri.se<\/a><\/p>\n<p>\t\t\t<a href=\"https:\/\/eksjoindustri.se\/en\/contact-us\/find-us\/\" role=\"button\"><br \/>\n\t\t\t\t\t\tFind us<br \/>\n\t\t\t\t\t<\/a><\/p>\n","protected":false},"excerpt":{"rendered":"<p>Eksj\u00f6 Industri offers a wide selection of sawn and finished timber, specialising in products for the DIY and building construction industry, as well as other industries requiring high-quality timber. We offer JIT delivery and flexible services to all our customers \u2013 irrespective of order volumes. Sawing We operate two saw lines. 2\/3 of our production [&hellip;]<\/p>\n","protected":false},"author":1,"featured_media":0,"parent":0,"menu_order":2,"comment_status":"closed","ping_status":"closed","template":"tmpl_subpage_nosidebar.php","meta":{"_acf_changed":false,"footnotes":""},"class_list":["post-312","page","type-page","status-publish","hentry"],"acf":[],"yoast_head":"<!-- This site is optimized with the Yoast SEO plugin v27.4 - https:\/\/yoast.com\/product\/yoast-seo-wordpress\/ -->\n<title>Meeting your requirements - Eksj\u00f6 Industri AB<\/title>\n<meta name=\"robots\" content=\"index, follow, max-snippet:-1, max-image-preview:large, max-video-preview:-1\" \/>\n<link rel=\"canonical\" href=\"https:\/\/eksjoindustri.se\/en\/products\/\" \/>\n<meta property=\"og:locale\" content=\"en_US\" \/>\n<meta property=\"og:type\" content=\"article\" \/>\n<meta property=\"og:title\" content=\"Meeting your requirements - Eksj\u00f6 Industri AB\" \/>\n<meta property=\"og:description\" content=\"Eksj\u00f6 Industri offers a wide selection of sawn and finished timber, specialising in products for the DIY and building construction industry, as well as other industries requiring high-quality timber. We offer JIT delivery and flexible services to all our customers \u2013 irrespective of order volumes. Sawing We operate two saw lines. 2\/3 of our production [&hellip;]\" \/>\n<meta property=\"og:url\" content=\"https:\/\/eksjoindustri.se\/en\/products\/\" \/>\n<meta property=\"og:site_name\" content=\"Eksj\u00f6 Industri AB\" \/>\n<meta property=\"article:modified_time\" content=\"2019-06-12T09:02:17+00:00\" \/>\n<meta name=\"twitter:card\" content=\"summary_large_image\" \/>\n<meta name=\"twitter:label1\" content=\"Est. reading time\" \/>\n\t<meta name=\"twitter:data1\" content=\"1 minute\" \/>\n<script type=\"application\/ld+json\" class=\"yoast-schema-graph\">{\"@context\":\"https:\\\/\\\/schema.org\",\"@graph\":[{\"@type\":\"WebPage\",\"@id\":\"https:\\\/\\\/eksjoindustri.se\\\/en\\\/products\\\/\",\"url\":\"https:\\\/\\\/eksjoindustri.se\\\/en\\\/products\\\/\",\"name\":\"Meeting your requirements - Eksj\u00f6 Industri AB\",\"isPartOf\":{\"@id\":\"https:\\\/\\\/eksjoindustri.se\\\/#website\"},\"datePublished\":\"2019-06-05T10:55:47+00:00\",\"dateModified\":\"2019-06-12T09:02:17+00:00\",\"breadcrumb\":{\"@id\":\"https:\\\/\\\/eksjoindustri.se\\\/en\\\/products\\\/#breadcrumb\"},\"inLanguage\":\"en-US\",\"potentialAction\":[{\"@type\":\"ReadAction\",\"target\":[\"https:\\\/\\\/eksjoindustri.se\\\/en\\\/products\\\/\"]}]},{\"@type\":\"BreadcrumbList\",\"@id\":\"https:\\\/\\\/eksjoindustri.se\\\/en\\\/products\\\/#breadcrumb\",\"itemListElement\":[{\"@type\":\"ListItem\",\"position\":1,\"name\":\"Home\",\"item\":\"https:\\\/\\\/eksjoindustri.se\\\/en\\\/\"},{\"@type\":\"ListItem\",\"position\":2,\"name\":\"Meeting your requirements\"}]},{\"@type\":\"WebSite\",\"@id\":\"https:\\\/\\\/eksjoindustri.se\\\/#website\",\"url\":\"https:\\\/\\\/eksjoindustri.se\\\/\",\"name\":\"Eksj\u00f6 Industri AB\",\"description\":\"S\u00e5gverket p\u00e5 sm\u00e5l\u00e4ndska h\u00f6glandet\",\"publisher\":{\"@id\":\"https:\\\/\\\/eksjoindustri.se\\\/#organization\"},\"potentialAction\":[{\"@type\":\"SearchAction\",\"target\":{\"@type\":\"EntryPoint\",\"urlTemplate\":\"https:\\\/\\\/eksjoindustri.se\\\/?s={search_term_string}\"},\"query-input\":{\"@type\":\"PropertyValueSpecification\",\"valueRequired\":true,\"valueName\":\"search_term_string\"}}],\"inLanguage\":\"en-US\"},{\"@type\":\"Organization\",\"@id\":\"https:\\\/\\\/eksjoindustri.se\\\/#organization\",\"name\":\"Eksj\u00f6 industri AB\",\"url\":\"https:\\\/\\\/eksjoindustri.se\\\/\",\"logo\":{\"@type\":\"ImageObject\",\"inLanguage\":\"en-US\",\"@id\":\"https:\\\/\\\/eksjoindustri.se\\\/#\\\/schema\\\/logo\\\/image\\\/\",\"url\":\"https:\\\/\\\/eksjoindustri.se\\\/app\\\/uploads\\\/2019\\\/12\\\/Eksjo_industri_logo_svart.png\",\"contentUrl\":\"https:\\\/\\\/eksjoindustri.se\\\/app\\\/uploads\\\/2019\\\/12\\\/Eksjo_industri_logo_svart.png\",\"width\":300,\"height\":126,\"caption\":\"Eksj\u00f6 industri AB\"},\"image\":{\"@id\":\"https:\\\/\\\/eksjoindustri.se\\\/#\\\/schema\\\/logo\\\/image\\\/\"}}]}<\/script>\n<!-- \/ Yoast SEO plugin. -->","yoast_head_json":{"title":"Meeting your requirements - Eksj\u00f6 Industri AB","robots":{"index":"index","follow":"follow","max-snippet":"max-snippet:-1","max-image-preview":"max-image-preview:large","max-video-preview":"max-video-preview:-1"},"canonical":"https:\/\/eksjoindustri.se\/en\/products\/","og_locale":"en_US","og_type":"article","og_title":"Meeting your requirements - Eksj\u00f6 Industri AB","og_description":"Eksj\u00f6 Industri offers a wide selection of sawn and finished timber, specialising in products for the DIY and building construction industry, as well as other industries requiring high-quality timber. We offer JIT delivery and flexible services to all our customers \u2013 irrespective of order volumes. Sawing We operate two saw lines. 2\/3 of our production [&hellip;]","og_url":"https:\/\/eksjoindustri.se\/en\/products\/","og_site_name":"Eksj\u00f6 Industri AB","article_modified_time":"2019-06-12T09:02:17+00:00","twitter_card":"summary_large_image","twitter_misc":{"Est. reading time":"1 minute"},"schema":{"@context":"https:\/\/schema.org","@graph":[{"@type":"WebPage","@id":"https:\/\/eksjoindustri.se\/en\/products\/","url":"https:\/\/eksjoindustri.se\/en\/products\/","name":"Meeting your requirements - Eksj\u00f6 Industri AB","isPartOf":{"@id":"https:\/\/eksjoindustri.se\/#website"},"datePublished":"2019-06-05T10:55:47+00:00","dateModified":"2019-06-12T09:02:17+00:00","breadcrumb":{"@id":"https:\/\/eksjoindustri.se\/en\/products\/#breadcrumb"},"inLanguage":"en-US","potentialAction":[{"@type":"ReadAction","target":["https:\/\/eksjoindustri.se\/en\/products\/"]}]},{"@type":"BreadcrumbList","@id":"https:\/\/eksjoindustri.se\/en\/products\/#breadcrumb","itemListElement":[{"@type":"ListItem","position":1,"name":"Home","item":"https:\/\/eksjoindustri.se\/en\/"},{"@type":"ListItem","position":2,"name":"Meeting your requirements"}]},{"@type":"WebSite","@id":"https:\/\/eksjoindustri.se\/#website","url":"https:\/\/eksjoindustri.se\/","name":"Eksj\u00f6 Industri AB","description":"S\u00e5gverket p\u00e5 sm\u00e5l\u00e4ndska h\u00f6glandet","publisher":{"@id":"https:\/\/eksjoindustri.se\/#organization"},"potentialAction":[{"@type":"SearchAction","target":{"@type":"EntryPoint","urlTemplate":"https:\/\/eksjoindustri.se\/?s={search_term_string}"},"query-input":{"@type":"PropertyValueSpecification","valueRequired":true,"valueName":"search_term_string"}}],"inLanguage":"en-US"},{"@type":"Organization","@id":"https:\/\/eksjoindustri.se\/#organization","name":"Eksj\u00f6 industri AB","url":"https:\/\/eksjoindustri.se\/","logo":{"@type":"ImageObject","inLanguage":"en-US","@id":"https:\/\/eksjoindustri.se\/#\/schema\/logo\/image\/","url":"https:\/\/eksjoindustri.se\/app\/uploads\/2019\/12\/Eksjo_industri_logo_svart.png","contentUrl":"https:\/\/eksjoindustri.se\/app\/uploads\/2019\/12\/Eksjo_industri_logo_svart.png","width":300,"height":126,"caption":"Eksj\u00f6 industri AB"},"image":{"@id":"https:\/\/eksjoindustri.se\/#\/schema\/logo\/image\/"}}]}},"_links":{"self":[{"href":"https:\/\/eksjoindustri.se\/en\/wp-json\/wp\/v2\/pages\/312","targetHints":{"allow":["GET"]}}],"collection":[{"href":"https:\/\/eksjoindustri.se\/en\/wp-json\/wp\/v2\/pages"}],"about":[{"href":"https:\/\/eksjoindustri.se\/en\/wp-json\/wp\/v2\/types\/page"}],"author":[{"embeddable":true,"href":"https:\/\/eksjoindustri.se\/en\/wp-json\/wp\/v2\/users\/1"}],"replies":[{"embeddable":true,"href":"https:\/\/eksjoindustri.se\/en\/wp-json\/wp\/v2\/comments?post=312"}],"version-history":[{"count":5,"href":"https:\/\/eksjoindustri.se\/en\/wp-json\/wp\/v2\/pages\/312\/revisions"}],"predecessor-version":[{"id":395,"href":"https:\/\/eksjoindustri.se\/en\/wp-json\/wp\/v2\/pages\/312\/revisions\/395"}],"wp:attachment":[{"href":"https:\/\/eksjoindustri.se\/en\/wp-json\/wp\/v2\/media?parent=312"}],"curies":[{"name":"wp","href":"https:\/\/api.w.org\/{rel}","templated":true}]}}